{"id":333,"date":"2025-10-12T17:13:00","date_gmt":"2025-10-12T17:13:00","guid":{"rendered":"https:\/\/workpersonal.ee\/portfoolio\/"},"modified":"2026-01-14T20:31:48","modified_gmt":"2026-01-14T20:31:48","slug":"remondi-ja-maalritood","status":"publish","type":"page","link":"https:\/\/workpersonal.ee\/ru\/remondi-ja-maalritood\/","title":{"rendered":"\u0420\u0435\u043c\u043e\u043d\u0442\u043d\u044b\u0435 \u0438 \u043c\u0430\u043b\u044f\u0440\u043d\u044b\u0435 \u0440\u0430\u0431\u043e\u0442\u044b"},"content":{"rendered":"<div class=\"wp-block-group alignfull has-background-background-color has-background has-global-padding is-layout-constrained wp-block-group-is-layout-constrained\" style=\"margin-top:0;margin-bottom:0;padding-top:var(--wp--preset--spacing--60);padding-bottom:var(--wp--preset--spacing--60)\">\n<div class=\"wp-block-columns alignwide are-vertically-aligned-center has-tertiary-background-color has-background is-layout-flex wp-container-core-columns-is-layout-55a977bd wp-block-columns-is-layout-flex\" style=\"border-radius:1.5rem;padding-top:var(--wp--preset--spacing--40);padding-right:var(--wp--preset--spacing--40);padding-bottom:var(--wp--preset--spacing--40);padding-left:var(--wp--preset--spacing--40)\">\n<div class=\"wp-block-column is-vertically-aligned-center is-layout-flow wp-block-column-is-layout-flow\" style=\"flex-basis:40%\">\n<figure class=\"wp-block-image has-custom-border\"><img loading=\"lazy\" decoding=\"async\" width=\"1080\" height=\"1618\" src=\"https:\/\/workpersonal.ee\/wp-content\/uploads\/2025\/12\/image-21.jpg\" alt=\"\" class=\"wp-image-520\" style=\"border-radius:1.5rem;aspect-ratio:1;object-fit:cover\" srcset=\"https:\/\/workpersonal.ee\/wp-content\/uploads\/2025\/12\/image-21.jpg 1080w, https:\/\/workpersonal.ee\/wp-content\/uploads\/2025\/12\/image-21-200x300.jpg 200w, https:\/\/workpersonal.ee\/wp-content\/uploads\/2025\/12\/image-21-684x1024.jpg 684w, https:\/\/workpersonal.ee\/wp-content\/uploads\/2025\/12\/image-21-768x1151.jpg 768w, https:\/\/workpersonal.ee\/wp-content\/uploads\/2025\/12\/image-21-1025x1536.jpg 1025w\" sizes=\"auto, (max-width: 1080px) 100vw, 1080px\" \/><\/figure>\n<\/div>\n\n\n\n<div class=\"wp-block-column is-vertically-aligned-center is-layout-flow wp-block-column-is-layout-flow\" style=\"flex-basis:50%\">\n<div class=\"wp-block-group has-global-padding is-content-justification-left is-layout-constrained wp-container-core-group-is-layout-cdff7eec wp-block-group-is-layout-constrained\" style=\"padding-top:var(--wp--preset--spacing--30);padding-right:0;padding-bottom:var(--wp--preset--spacing--30);padding-left:0\">\n<h3 class=\"wp-block-heading\" style=\"margin-top:12px\">\u041f\u0440\u043e\u0444\u0435\u0441\u0441\u0438\u043e\u043d\u0430\u043b\u044c\u043d\u044b\u0435 \u0440\u0435\u043c\u043e\u043d\u0442\u043d\u044b\u0435 \u0438 \u043c\u0430\u043b\u044f\u0440\u043d\u044b\u0435 \u0440\u0430\u0431\u043e\u0442\u044b, \u0441\u0432\u043e\u0435\u0432\u0440\u0435\u043c\u0435\u043d\u043d\u043e \u0438 \u043f\u043e \u0434\u043e\u0441\u0442\u0443\u043f\u043d\u043e\u0439 \u0446\u0435\u043d\u0435<\/h3>\n\n\n\n<p class=\"has-medium-font-size\" style=\"margin-top:16px\">\u0412\u044b\u043f\u043e\u043b\u043d\u044f\u0435\u043c \u0440\u0435\u043c\u043e\u043d\u0442\u043d\u044b\u0435 \u0438 \u043c\u0430\u043b\u044f\u0440\u043d\u044b\u0435 \u0440\u0430\u0431\u043e\u0442\u044b \u0440\u0430\u0437\u043b\u0438\u0447\u043d\u043e\u0439 \u0441\u043b\u043e\u0436\u043d\u043e\u0441\u0442\u0438. <\/p>\n\n\n\n<p class=\"has-medium-font-size\" style=\"margin-top:16px\">\u0421\u0432\u044f\u0436\u0438\u0442\u0435\u0441\u044c \u0441 \u043d\u0430\u043c\u0438, \u0440\u0430\u0441\u0441\u043a\u0430\u0436\u0438\u0442\u0435 \u043e \u0441\u0432\u043e\u0438\u0445 \u043f\u043e\u0436\u0435\u043b\u0430\u043d\u0438\u044f\u0445, \u0438 \u043c\u044b \u043f\u043e\u0434\u0431\u0435\u0440\u0451\u043c \u0434\u043b\u044f \u0432\u0430\u0441 \u043f\u043e\u0434\u0445\u043e\u0434\u044f\u0449\u0435\u0435 \u0440\u0435\u0448\u0435\u043d\u0438\u0435.<\/p>\n\n\n\n<div class=\"wp-block-buttons is-layout-flex wp-container-core-buttons-is-layout-12dcd427 wp-block-buttons-is-layout-flex\" style=\"margin-top:var(--wp--preset--spacing--40)\">\n<div class=\"wp-block-button\"><a class=\"wp-block-button__link wp-element-button\" href=\"http:\/\/workpersonal.ee\/ru\/kontakt\/\">\u041d\u0430\u0448\u0438 \u043a\u043e\u043d\u0442\u0430\u043a\u0442\u044b<\/a><\/div>\n<\/div>\n<\/div>\n<\/div>\n<\/div>\n<\/div>\n\n\n\n<div class=\"wp-block-group alignfull has-tertiary-background-color has-background has-global-padding is-layout-constrained wp-container-core-group-is-layout-7276a2bb wp-block-group-is-layout-constrained\" id=\"galerii\" style=\"margin-top:0;margin-bottom:0;padding-top:var(--wp--preset--spacing--60);padding-right:var(--wp--preset--spacing--30);padding-bottom:var(--wp--preset--spacing--60);padding-left:var(--wp--preset--spacing--30)\">\n<div class=\"wp-block-group alignwide is-vertical is-layout-flex wp-container-core-group-is-layout-fe9cc265 wp-block-group-is-layout-flex\">\n<div class=\"wp-block-group alignwide has-global-padding is-content-justification-left is-layout-constrained wp-container-core-group-is-layout-8b4c372c wp-block-group-is-layout-constrained\">\n<h2 class=\"wp-block-heading has-large-font-size\">\u0413\u0430\u043b\u0435\u0440\u0435\u044f<\/h2>\n\n\n\n<p style=\"margin-top:16px\"><\/p>\n<\/div>\n<\/div>\n\n\n\n<div class=\"wp-block-group alignwide has-global-padding is-layout-constrained wp-block-group-is-layout-constrained\">\n<div class=\"wp-block-columns alignwide is-layout-flex wp-container-core-columns-is-layout-87beb0d0 wp-block-columns-is-layout-flex\">\n<div class=\"wp-block-column is-layout-flow wp-container-core-column-is-layout-f5bb311e wp-block-column-is-layout-flow\">\n<figure class=\"wp-block-image has-custom-border ext-aspect-landscape\"><img loading=\"lazy\" decoding=\"async\" width=\"1440\" height=\"1280\" src=\"https:\/\/workpersonal.ee\/wp-content\/uploads\/2025\/10\/636f13b9cfaf5b6298eb9e1d8f99ef08683752ab.jpg\" alt=\"\" class=\"wp-image-361\" style=\"border-radius:0.5rem;aspect-ratio:4\/3;object-fit:cover\" srcset=\"https:\/\/workpersonal.ee\/wp-content\/uploads\/2025\/10\/636f13b9cfaf5b6298eb9e1d8f99ef08683752ab.jpg 1440w, https:\/\/workpersonal.ee\/wp-content\/uploads\/2025\/10\/636f13b9cfaf5b6298eb9e1d8f99ef08683752ab-300x267.jpg 300w, https:\/\/workpersonal.ee\/wp-content\/uploads\/2025\/10\/636f13b9cfaf5b6298eb9e1d8f99ef08683752ab-1024x910.jpg 1024w, https:\/\/workpersonal.ee\/wp-content\/uploads\/2025\/10\/636f13b9cfaf5b6298eb9e1d8f99ef08683752ab-768x683.jpg 768w\" sizes=\"auto, (max-width: 1440px) 100vw, 1440px\" \/><\/figure>\n\n\n\n<figure class=\"wp-block-image has-custom-border ext-aspect-landscape\"><img loading=\"lazy\" decoding=\"async\" width=\"1080\" height=\"720\" src=\"https:\/\/workpersonal.ee\/wp-content\/uploads\/2025\/12\/image-24.jpg\" alt=\"\" class=\"wp-image-523\" style=\"border-radius:0.5rem;aspect-ratio:4\/3;object-fit:cover\" srcset=\"https:\/\/workpersonal.ee\/wp-content\/uploads\/2025\/12\/image-24.jpg 1080w, https:\/\/workpersonal.ee\/wp-content\/uploads\/2025\/12\/image-24-300x200.jpg 300w, https:\/\/workpersonal.ee\/wp-content\/uploads\/2025\/12\/image-24-1024x683.jpg 1024w, https:\/\/workpersonal.ee\/wp-content\/uploads\/2025\/12\/image-24-768x512.jpg 768w\" sizes=\"auto, (max-width: 1080px) 100vw, 1080px\" \/><\/figure>\n<\/div>\n\n\n\n<div class=\"wp-block-column is-layout-flow wp-container-core-column-is-layout-f5bb311e wp-block-column-is-layout-flow\">\n<figure class=\"wp-block-image has-custom-border ext-aspect-landscape\"><img loading=\"lazy\" decoding=\"async\" width=\"1080\" height=\"720\" src=\"https:\/\/workpersonal.ee\/wp-content\/uploads\/2025\/12\/image-31.jpg\" alt=\"\" class=\"wp-image-530\" style=\"border-radius:0.5rem;aspect-ratio:4\/3;object-fit:cover\" srcset=\"https:\/\/workpersonal.ee\/wp-content\/uploads\/2025\/12\/image-31.jpg 1080w, https:\/\/workpersonal.ee\/wp-content\/uploads\/2025\/12\/image-31-300x200.jpg 300w, https:\/\/workpersonal.ee\/wp-content\/uploads\/2025\/12\/image-31-1024x683.jpg 1024w, https:\/\/workpersonal.ee\/wp-content\/uploads\/2025\/12\/image-31-768x512.jpg 768w\" sizes=\"auto, (max-width: 1080px) 100vw, 1080px\" \/><\/figure>\n\n\n\n<figure class=\"wp-block-image has-custom-border ext-aspect-landscape\"><img loading=\"lazy\" decoding=\"async\" width=\"1440\" height=\"1280\" src=\"https:\/\/workpersonal.ee\/wp-content\/uploads\/2025\/10\/bb8e233aa21a045bf6485a25a2ef6f90e202921d.jpg\" alt=\"\" class=\"wp-image-364\" style=\"border-radius:0.5rem;aspect-ratio:4\/3;object-fit:cover\" srcset=\"https:\/\/workpersonal.ee\/wp-content\/uploads\/2025\/10\/bb8e233aa21a045bf6485a25a2ef6f90e202921d.jpg 1440w, https:\/\/workpersonal.ee\/wp-content\/uploads\/2025\/10\/bb8e233aa21a045bf6485a25a2ef6f90e202921d-300x267.jpg 300w, https:\/\/workpersonal.ee\/wp-content\/uploads\/2025\/10\/bb8e233aa21a045bf6485a25a2ef6f90e202921d-1024x910.jpg 1024w, https:\/\/workpersonal.ee\/wp-content\/uploads\/2025\/10\/bb8e233aa21a045bf6485a25a2ef6f90e202921d-768x683.jpg 768w\" sizes=\"auto, (max-width: 1440px) 100vw, 1440px\" \/><\/figure>\n<\/div>\n\n\n\n<div class=\"wp-block-column is-layout-flow wp-container-core-column-is-layout-f5bb311e wp-block-column-is-layout-flow\">\n<figure class=\"wp-block-image has-custom-border ext-aspect-landscape\"><img loading=\"lazy\" decoding=\"async\" width=\"1080\" height=\"720\" src=\"https:\/\/workpersonal.ee\/wp-content\/uploads\/2025\/12\/image-37.jpg\" alt=\"\" class=\"wp-image-536\" style=\"border-radius:0.5rem;aspect-ratio:4\/3;object-fit:cover\" srcset=\"https:\/\/workpersonal.ee\/wp-content\/uploads\/2025\/12\/image-37.jpg 1080w, https:\/\/workpersonal.ee\/wp-content\/uploads\/2025\/12\/image-37-300x200.jpg 300w, https:\/\/workpersonal.ee\/wp-content\/uploads\/2025\/12\/image-37-1024x683.jpg 1024w, https:\/\/workpersonal.ee\/wp-content\/uploads\/2025\/12\/image-37-768x512.jpg 768w\" sizes=\"auto, (max-width: 1080px) 100vw, 1080px\" \/><\/figure>\n\n\n\n<figure class=\"wp-block-image has-custom-border ext-aspect-landscape\"><img loading=\"lazy\" decoding=\"async\" width=\"1080\" height=\"720\" src=\"https:\/\/workpersonal.ee\/wp-content\/uploads\/2025\/12\/image-38.jpg\" alt=\"\" class=\"wp-image-537\" style=\"border-radius:0.5rem;aspect-ratio:4\/3;object-fit:cover\" srcset=\"https:\/\/workpersonal.ee\/wp-content\/uploads\/2025\/12\/image-38.jpg 1080w, https:\/\/workpersonal.ee\/wp-content\/uploads\/2025\/12\/image-38-300x200.jpg 300w, https:\/\/workpersonal.ee\/wp-content\/uploads\/2025\/12\/image-38-1024x683.jpg 1024w, https:\/\/workpersonal.ee\/wp-content\/uploads\/2025\/12\/image-38-768x512.jpg 768w\" sizes=\"auto, (max-width: 1080px) 100vw, 1080px\" \/><\/figure>\n<\/div>\n<\/div>\n<\/div>\n<\/div>\n\n\n\n<div class=\"wp-block-group alignfull has-tertiary-background-color has-background has-global-padding is-layout-constrained wp-container-core-group-is-layout-7276a2bb wp-block-group-is-layout-constrained\" id=\"galerii\" style=\"margin-top:0;margin-bottom:0;padding-top:var(--wp--preset--spacing--60);padding-right:var(--wp--preset--spacing--30);padding-bottom:var(--wp--preset--spacing--60);padding-left:var(--wp--preset--spacing--30)\">\n<div class=\"wp-block-group alignwide has-global-padding is-layout-constrained wp-block-group-is-layout-constrained\">\n<div class=\"wp-block-columns alignwide is-layout-flex wp-container-core-columns-is-layout-87beb0d0 wp-block-columns-is-layout-flex\">\n<div class=\"wp-block-column is-layout-flow wp-container-core-column-is-layout-f5bb311e wp-block-column-is-layout-flow\">\n<figure class=\"wp-block-image has-custom-border ext-aspect-landscape\"><img loading=\"lazy\" decoding=\"async\" width=\"1080\" height=\"720\" src=\"https:\/\/workpersonal.ee\/wp-content\/uploads\/2025\/12\/image-39.jpg\" alt=\"\" class=\"wp-image-538\" style=\"border-radius:0.5rem;aspect-ratio:4\/3;object-fit:cover\" srcset=\"https:\/\/workpersonal.ee\/wp-content\/uploads\/2025\/12\/image-39.jpg 1080w, https:\/\/workpersonal.ee\/wp-content\/uploads\/2025\/12\/image-39-300x200.jpg 300w, https:\/\/workpersonal.ee\/wp-content\/uploads\/2025\/12\/image-39-1024x683.jpg 1024w, https:\/\/workpersonal.ee\/wp-content\/uploads\/2025\/12\/image-39-768x512.jpg 768w\" sizes=\"auto, (max-width: 1080px) 100vw, 1080px\" \/><\/figure>\n\n\n\n<figure class=\"wp-block-image has-custom-border ext-aspect-landscape\"><img loading=\"lazy\" decoding=\"async\" width=\"1080\" height=\"720\" src=\"https:\/\/workpersonal.ee\/wp-content\/uploads\/2025\/12\/image-41.jpg\" alt=\"\" class=\"wp-image-540\" style=\"border-radius:0.5rem;aspect-ratio:4\/3;object-fit:cover\" srcset=\"https:\/\/workpersonal.ee\/wp-content\/uploads\/2025\/12\/image-41.jpg 1080w, https:\/\/workpersonal.ee\/wp-content\/uploads\/2025\/12\/image-41-300x200.jpg 300w, https:\/\/workpersonal.ee\/wp-content\/uploads\/2025\/12\/image-41-1024x683.jpg 1024w, https:\/\/workpersonal.ee\/wp-content\/uploads\/2025\/12\/image-41-768x512.jpg 768w\" sizes=\"auto, (max-width: 1080px) 100vw, 1080px\" \/><\/figure>\n<\/div>\n\n\n\n<div class=\"wp-block-column is-layout-flow wp-container-core-column-is-layout-f5bb311e wp-block-column-is-layout-flow\">\n<figure class=\"wp-block-image has-custom-border ext-aspect-landscape\"><img loading=\"lazy\" decoding=\"async\" width=\"1080\" height=\"1618\" src=\"https:\/\/workpersonal.ee\/wp-content\/uploads\/2025\/12\/image-40.jpg\" alt=\"\" class=\"wp-image-539\" style=\"border-radius:0.5rem;aspect-ratio:4\/3;object-fit:cover\" srcset=\"https:\/\/workpersonal.ee\/wp-content\/uploads\/2025\/12\/image-40.jpg 1080w, https:\/\/workpersonal.ee\/wp-content\/uploads\/2025\/12\/image-40-200x300.jpg 200w, https:\/\/workpersonal.ee\/wp-content\/uploads\/2025\/12\/image-40-684x1024.jpg 684w, https:\/\/workpersonal.ee\/wp-content\/uploads\/2025\/12\/image-40-768x1151.jpg 768w, https:\/\/workpersonal.ee\/wp-content\/uploads\/2025\/12\/image-40-1025x1536.jpg 1025w\" sizes=\"auto, (max-width: 1080px) 100vw, 1080px\" \/><\/figure>\n\n\n\n<figure class=\"wp-block-image has-custom-border ext-aspect-landscape\"><img loading=\"lazy\" decoding=\"async\" width=\"1080\" height=\"1620\" src=\"https:\/\/workpersonal.ee\/wp-content\/uploads\/2025\/12\/image-44.jpg\" alt=\"\" class=\"wp-image-543\" style=\"border-radius:0.5rem;aspect-ratio:4\/3;object-fit:cover\" srcset=\"https:\/\/workpersonal.ee\/wp-content\/uploads\/2025\/12\/image-44.jpg 1080w, https:\/\/workpersonal.ee\/wp-content\/uploads\/2025\/12\/image-44-200x300.jpg 200w, https:\/\/workpersonal.ee\/wp-content\/uploads\/2025\/12\/image-44-683x1024.jpg 683w, https:\/\/workpersonal.ee\/wp-content\/uploads\/2025\/12\/image-44-768x1152.jpg 768w, https:\/\/workpersonal.ee\/wp-content\/uploads\/2025\/12\/image-44-1024x1536.jpg 1024w\" sizes=\"auto, (max-width: 1080px) 100vw, 1080px\" \/><\/figure>\n<\/div>\n\n\n\n<div class=\"wp-block-column is-layout-flow wp-container-core-column-is-layout-f5bb311e wp-block-column-is-layout-flow\">\n<figure class=\"wp-block-image has-custom-border ext-aspect-landscape\"><img loading=\"lazy\" decoding=\"async\" width=\"1080\" height=\"720\" src=\"https:\/\/workpersonal.ee\/wp-content\/uploads\/2025\/12\/image-36.jpg\" alt=\"\" class=\"wp-image-535\" style=\"border-radius:0.5rem;aspect-ratio:4\/3;object-fit:cover\" srcset=\"https:\/\/workpersonal.ee\/wp-content\/uploads\/2025\/12\/image-36.jpg 1080w, https:\/\/workpersonal.ee\/wp-content\/uploads\/2025\/12\/image-36-300x200.jpg 300w, https:\/\/workpersonal.ee\/wp-content\/uploads\/2025\/12\/image-36-1024x683.jpg 1024w, https:\/\/workpersonal.ee\/wp-content\/uploads\/2025\/12\/image-36-768x512.jpg 768w\" sizes=\"auto, (max-width: 1080px) 100vw, 1080px\" \/><\/figure>\n\n\n\n<figure class=\"wp-block-image has-custom-border ext-aspect-landscape\"><img loading=\"lazy\" decoding=\"async\" width=\"1080\" height=\"720\" src=\"https:\/\/workpersonal.ee\/wp-content\/uploads\/2025\/12\/image-25.jpg\" alt=\"\" class=\"wp-image-524\" style=\"border-radius:0.5rem;aspect-ratio:4\/3;object-fit:cover\" srcset=\"https:\/\/workpersonal.ee\/wp-content\/uploads\/2025\/12\/image-25.jpg 1080w, https:\/\/workpersonal.ee\/wp-content\/uploads\/2025\/12\/image-25-300x200.jpg 300w, https:\/\/workpersonal.ee\/wp-content\/uploads\/2025\/12\/image-25-1024x683.jpg 1024w, https:\/\/workpersonal.ee\/wp-content\/uploads\/2025\/12\/image-25-768x512.jpg 768w\" sizes=\"auto, (max-width: 1080px) 100vw, 1080px\" \/><\/figure>\n<\/div>\n<\/div>\n<\/div>\n<\/div>","protected":false},"excerpt":{"rendered":"<p>Profesionaalsed remondi- ja maalrit\u00f6\u00f6d t\u00e4htaegselt ning soodsalt Teostame erineva raskusastmega remondi- ja maalrit\u00f6id. V\u00f5ta meiega \u00fchendust, r\u00e4\u00e4gi oma soovist ja me leiame sulle sobiva lahenduse. Galerii<\/p>","protected":false},"author":1,"featured_media":0,"parent":0,"menu_order":2,"comment_status":"closed","ping_status":"closed","template":"page-with-title","meta":{"footnotes":""},"class_list":["post-333","page","type-page","status-publish","hentry"],"aioseo_notices":[],"_links":{"self":[{"href":"https:\/\/workpersonal.ee\/ru\/wp-json\/wp\/v2\/pages\/333","targetHints":{"allow":["GET"]}}],"collection":[{"href":"https:\/\/workpersonal.ee\/ru\/wp-json\/wp\/v2\/pages"}],"about":[{"href":"https:\/\/workpersonal.ee\/ru\/wp-json\/wp\/v2\/types\/page"}],"author":[{"embeddable":true,"href":"https:\/\/workpersonal.ee\/ru\/wp-json\/wp\/v2\/users\/1"}],"replies":[{"embeddable":true,"href":"https:\/\/workpersonal.ee\/ru\/wp-json\/wp\/v2\/comments?post=333"}],"version-history":[{"count":11,"href":"https:\/\/workpersonal.ee\/ru\/wp-json\/wp\/v2\/pages\/333\/revisions"}],"predecessor-version":[{"id":621,"href":"https:\/\/workpersonal.ee\/ru\/wp-json\/wp\/v2\/pages\/333\/revisions\/621"}],"wp:attachment":[{"href":"https:\/\/workpersonal.ee\/ru\/wp-json\/wp\/v2\/media?parent=333"}],"curies":[{"name":"wp","href":"https:\/\/api.w.org\/{rel}","templated":true}]}}